{"id":9622,"date":"2024-06-07T19:59:12","date_gmt":"2024-06-07T16:59:12","guid":{"rendered":"http:\/\/tepestatikboya.com\/tr\/?page_id=9622"},"modified":"2024-06-07T20:06:12","modified_gmt":"2024-06-07T17:06:12","slug":"ral-kodlari","status":"publish","type":"page","link":"https:\/\/tepestatikboya.com\/tr\/ral-kodlari\/","title":{"rendered":"Ral Kodlar\u0131"},"content":{"rendered":"<div class=\"wpb-content-wrapper\"><p>[vc_row][vc_column]\t\t\t<link rel=\"stylesheet\" id=\"wd-section-title-css\" href=\"https:\/\/tepestatikboya.com\/tr\/wp-content\/themes\/woodmart\/css\/parts\/el-section-title.min.css?ver=7.5.1\" type=\"text\/css\" media=\"all\" \/> \t\t\t\t\t\t<link rel=\"stylesheet\" id=\"wd-section-title-style-under-and-over-css\" href=\"https:\/\/tepestatikboya.com\/tr\/wp-content\/themes\/woodmart\/css\/parts\/el-section-title-style-under-and-over.min.css?ver=7.5.1\" type=\"text\/css\" media=\"all\" \/> \t\t\t\t\t\t<link rel=\"stylesheet\" id=\"wd-mod-highlighted-text-css\" href=\"https:\/\/tepestatikboya.com\/tr\/wp-content\/themes\/woodmart\/css\/parts\/mod-highlighted-text.min.css?ver=7.5.1\" type=\"text\/css\" media=\"all\" \/> \t\t\t\n\t\t<div id=\"wd-66633dea5ad12\" class=\"title-wrapper wd-wpb set-mb-s reset-last-child  wd-rs-66633dea5ad12 wd-title-color-primary wd-title-style-underlined text-left  wd-underline-colored\">\n\t\t\t\n\t\t\t<div class=\"liner-continer\">\n\t\t\t\t<h4 class=\"woodmart-title-container title  wd-font-weight- wd-fontsize-l\" >Ral Katalo\u011fu \u2013 Renk Kartelas\u0131<\/h4>\n\t\t\t\t\t\t\t<\/div>\n\t\t\t\n\t\t\t\t\t\t\t<div class=\"title-after_title  set-cont-mb-s reset-last-child  wd-fontsize-xs\">RAL, boya, kaplama ve plastikler i\u00e7in renkleri tan\u0131mlayan bir Avrupa renk e\u015fle\u015ftirme sistemidir. RAL renk standard\u0131, RAL Deutsches Institut f\u00fcr G\u00fctesicherung und Kennzeichnung taraf\u0131ndan y\u00f6netilir. \u2018RAL\u2019, \u2018 R eichs- A usschu\u00df f\u00fcr L ieferbedingungen und G\u00fctesicherung\u2019un (Ulusal Teslimat Ko\u015fullar\u0131 ve Kalite G\u00fcvencesi Komisyonu) k\u0131saltmas\u0131d\u0131r.<\/p>\n<p>Klasik RAL renk kartelas\u0131 1927 y\u0131l\u0131nda 40 renkten olu\u015furken, 1961\u2019de yap\u0131lan revizyon ile beraber bug\u00fcn karteladaki renk say\u0131s\u0131 213\u2018e y\u00fckselmi\u015ftir. D\u00f6rt haneli say\u0131larla tan\u0131mlanan klasik RAL renk kodlar\u0131, RAL kelimesinden sonra yaz\u0131l\u0131r. \u00d6rne\u011fin; RAL 5010, RAL 9002, RAL 3004 gibi.<\/p>\n<p>RAL renk kodlar\u0131 in\u015faat, mimari, otomotiv, yol g\u00fcvenli\u011fi gibi farkl\u0131 sekt\u00f6rlerde renkleri tan\u0131mlamak i\u00e7in s\u0131k\u00e7a kullan\u0131lmaktad\u0131r.<\/p>\n<p>A\u015fa\u011f\u0131da yer alan renkler, ger\u00e7ek RAL renklerine olabildi\u011fince yak\u0131nd\u0131r. Renk tonlar\u0131, bilgisayar\u0131n\u0131z\u0131n ekran, renk ve \u00e7\u00f6z\u00fcn\u00fcrl\u00fck gibi teknik ayarlar\u0131 sebebiyle farkl\u0131l\u0131k g\u00f6sterebilir.<\/div>\n\t\t\t\n\t\t\t\n\t\t<\/div>\n\t\t\n\t\t[vc_single_image image=&#8221;9624&#8243; img_size=&#8221;full&#8221; alignment=&#8221;center&#8221; onclick=&#8221;zoom&#8221; css=&#8221;&#8221; parallax_scroll=&#8221;no&#8221; woodmart_inline=&#8221;no&#8221;][\/vc_column][\/vc_row]<\/p>\n<\/div>","protected":false},"excerpt":{"rendered":"<p>[vc_row][vc_column][vc_single_image image=&#8221;9624&#8243; img_size=&#8221;full&#8221; alignment=&#8221;center&#8221; onclick=&#8221;zoom&#8221; css=&#8221;&#8221; parallax_scroll=&#8221;no&#8221; woodmart_inline=&#8221;no&#8221;][\/vc_column][\/vc_row]<\/p>\n","protected":false},"author":1,"featured_media":0,"parent":0,"menu_order":0,"comment_status":"closed","ping_status":"closed","template":"","meta":{"footnotes":""},"class_list":["post-9622","page","type-page","status-publish","hentry"],"yoast_head":"<!-- This site is optimized with the Yoast SEO plugin v27.4 - https:\/\/yoast.com\/product\/yoast-seo-wordpress\/ -->\n<title>Ral Kodlar\u0131 - Tepe Al\u00fcminyum Statik Boyama<\/title>\n<meta name=\"robots\" content=\"index, follow, max-snippet:-1, max-image-preview:large, max-video-preview:-1\" \/>\n<link rel=\"canonical\" href=\"https:\/\/tepestatikboya.com\/tr\/ral-kodlari\/\" \/>\n<meta property=\"og:locale\" content=\"tr_TR\" \/>\n<meta property=\"og:type\" content=\"article\" \/>\n<meta property=\"og:title\" content=\"Ral Kodlar\u0131 - Tepe Al\u00fcminyum Statik Boyama\" \/>\n<meta property=\"og:description\" content=\"[vc_row][vc_column][vc_single_image image=&#8221;9624&#8243; img_size=&#8221;full&#8221; alignment=&#8221;center&#8221; onclick=&#8221;zoom&#8221; css=&#8221;&#8221; parallax_scroll=&#8221;no&#8221; woodmart_inline=&#8221;no&#8221;][\/vc_column][\/vc_row]\" \/>\n<meta property=\"og:url\" content=\"https:\/\/tepestatikboya.com\/tr\/ral-kodlari\/\" \/>\n<meta property=\"og:site_name\" content=\"Tepe Al\u00fcminyum Statik Boyama\" \/>\n<meta property=\"article:modified_time\" content=\"2024-06-07T17:06:12+00:00\" \/>\n<meta name=\"twitter:card\" content=\"summary_large_image\" \/>\n<meta name=\"twitter:label1\" content=\"Tahmini okuma s\u00fcresi\" \/>\n\t<meta name=\"twitter:data1\" content=\"2 dakika\" \/>\n<script type=\"application\/ld+json\" class=\"yoast-schema-graph\">{\"@context\":\"https:\\\/\\\/schema.org\",\"@graph\":[{\"@type\":\"WebPage\",\"@id\":\"https:\\\/\\\/tepestatikboya.com\\\/tr\\\/ral-kodlari\\\/\",\"url\":\"https:\\\/\\\/tepestatikboya.com\\\/tr\\\/ral-kodlari\\\/\",\"name\":\"Ral Kodlar\u0131 - Tepe Al\u00fcminyum Statik Boyama\",\"isPartOf\":{\"@id\":\"https:\\\/\\\/tepestatikboya.com\\\/tr\\\/#website\"},\"datePublished\":\"2024-06-07T16:59:12+00:00\",\"dateModified\":\"2024-06-07T17:06:12+00:00\",\"breadcrumb\":{\"@id\":\"https:\\\/\\\/tepestatikboya.com\\\/tr\\\/ral-kodlari\\\/#breadcrumb\"},\"inLanguage\":\"tr\",\"potentialAction\":[{\"@type\":\"ReadAction\",\"target\":[\"https:\\\/\\\/tepestatikboya.com\\\/tr\\\/ral-kodlari\\\/\"]}]},{\"@type\":\"BreadcrumbList\",\"@id\":\"https:\\\/\\\/tepestatikboya.com\\\/tr\\\/ral-kodlari\\\/#breadcrumb\",\"itemListElement\":[{\"@type\":\"ListItem\",\"position\":1,\"name\":\"Anasayfa\",\"item\":\"https:\\\/\\\/tepestatikboya.com\\\/tr\\\/\"},{\"@type\":\"ListItem\",\"position\":2,\"name\":\"Ral Kodlar\u0131\"}]},{\"@type\":\"WebSite\",\"@id\":\"https:\\\/\\\/tepestatikboya.com\\\/tr\\\/#website\",\"url\":\"https:\\\/\\\/tepestatikboya.com\\\/tr\\\/\",\"name\":\"Tepe Al\u00fcminyum Statik Boyama\",\"description\":\"\",\"potentialAction\":[{\"@type\":\"SearchAction\",\"target\":{\"@type\":\"EntryPoint\",\"urlTemplate\":\"https:\\\/\\\/tepestatikboya.com\\\/tr\\\/?s={search_term_string}\"},\"query-input\":{\"@type\":\"PropertyValueSpecification\",\"valueRequired\":true,\"valueName\":\"search_term_string\"}}],\"inLanguage\":\"tr\"}]}<\/script>\n<!-- \/ Yoast SEO plugin. -->","yoast_head_json":{"title":"Ral Kodlar\u0131 - Tepe Al\u00fcminyum Statik Boyama","robots":{"index":"index","follow":"follow","max-snippet":"max-snippet:-1","max-image-preview":"max-image-preview:large","max-video-preview":"max-video-preview:-1"},"canonical":"https:\/\/tepestatikboya.com\/tr\/ral-kodlari\/","og_locale":"tr_TR","og_type":"article","og_title":"Ral Kodlar\u0131 - Tepe Al\u00fcminyum Statik Boyama","og_description":"[vc_row][vc_column][vc_single_image image=&#8221;9624&#8243; img_size=&#8221;full&#8221; alignment=&#8221;center&#8221; onclick=&#8221;zoom&#8221; css=&#8221;&#8221; parallax_scroll=&#8221;no&#8221; woodmart_inline=&#8221;no&#8221;][\/vc_column][\/vc_row]","og_url":"https:\/\/tepestatikboya.com\/tr\/ral-kodlari\/","og_site_name":"Tepe Al\u00fcminyum Statik Boyama","article_modified_time":"2024-06-07T17:06:12+00:00","twitter_card":"summary_large_image","twitter_misc":{"Tahmini okuma s\u00fcresi":"2 dakika"},"schema":{"@context":"https:\/\/schema.org","@graph":[{"@type":"WebPage","@id":"https:\/\/tepestatikboya.com\/tr\/ral-kodlari\/","url":"https:\/\/tepestatikboya.com\/tr\/ral-kodlari\/","name":"Ral Kodlar\u0131 - Tepe Al\u00fcminyum Statik Boyama","isPartOf":{"@id":"https:\/\/tepestatikboya.com\/tr\/#website"},"datePublished":"2024-06-07T16:59:12+00:00","dateModified":"2024-06-07T17:06:12+00:00","breadcrumb":{"@id":"https:\/\/tepestatikboya.com\/tr\/ral-kodlari\/#breadcrumb"},"inLanguage":"tr","potentialAction":[{"@type":"ReadAction","target":["https:\/\/tepestatikboya.com\/tr\/ral-kodlari\/"]}]},{"@type":"BreadcrumbList","@id":"https:\/\/tepestatikboya.com\/tr\/ral-kodlari\/#breadcrumb","itemListElement":[{"@type":"ListItem","position":1,"name":"Anasayfa","item":"https:\/\/tepestatikboya.com\/tr\/"},{"@type":"ListItem","position":2,"name":"Ral Kodlar\u0131"}]},{"@type":"WebSite","@id":"https:\/\/tepestatikboya.com\/tr\/#website","url":"https:\/\/tepestatikboya.com\/tr\/","name":"Tepe Al\u00fcminyum Statik Boyama","description":"","potentialAction":[{"@type":"SearchAction","target":{"@type":"EntryPoint","urlTemplate":"https:\/\/tepestatikboya.com\/tr\/?s={search_term_string}"},"query-input":{"@type":"PropertyValueSpecification","valueRequired":true,"valueName":"search_term_string"}}],"inLanguage":"tr"}]}},"_links":{"self":[{"href":"https:\/\/tepestatikboya.com\/tr\/wp-json\/wp\/v2\/pages\/9622","targetHints":{"allow":["GET"]}}],"collection":[{"href":"https:\/\/tepestatikboya.com\/tr\/wp-json\/wp\/v2\/pages"}],"about":[{"href":"https:\/\/tepestatikboya.com\/tr\/wp-json\/wp\/v2\/types\/page"}],"author":[{"embeddable":true,"href":"https:\/\/tepestatikboya.com\/tr\/wp-json\/wp\/v2\/users\/1"}],"replies":[{"embeddable":true,"href":"https:\/\/tepestatikboya.com\/tr\/wp-json\/wp\/v2\/comments?post=9622"}],"version-history":[{"count":4,"href":"https:\/\/tepestatikboya.com\/tr\/wp-json\/wp\/v2\/pages\/9622\/revisions"}],"predecessor-version":[{"id":9627,"href":"https:\/\/tepestatikboya.com\/tr\/wp-json\/wp\/v2\/pages\/9622\/revisions\/9627"}],"wp:attachment":[{"href":"https:\/\/tepestatikboya.com\/tr\/wp-json\/wp\/v2\/media?parent=9622"}],"curies":[{"name":"wp","href":"https:\/\/api.w.org\/{rel}","templated":true}]}}